{"id":124,"date":"2022-01-20T10:17:30","date_gmt":"2022-01-20T09:17:30","guid":{"rendered":"https:\/\/www.pmx-store.eu\/?page_id=124"},"modified":"2025-11-28T10:40:23","modified_gmt":"2025-11-28T09:40:23","slug":"fa-i-netpartner-gmbh-ueber-uns","status":"publish","type":"page","link":"https:\/\/www.pmx-store.eu\/index.php\/fa-i-netpartner-gmbh-ueber-uns\/","title":{"rendered":"\u00dcber uns &#8211; Fa. I-Netpartner GmbH &#8211; PMX-Store.Eu &#8211; \u00dcber uns"},"content":{"rendered":"\r\n<h3><strong>Fa. I-Netpartner &#8211; Offizieller Proxmox Partner und Reseller &#8211; Seit 2014<\/strong><\/h3>\r\n<p>Neben unserer Eigenschaft als <strong>Mikrotik Master Distributor<\/strong> (Seit <strong>2008<\/strong>) sind wir nun auch schon seit <strong>2014<\/strong> <strong>Partner der Proxmox Server Solutions GmbH<\/strong> aus Wien.<\/p>\r\n<p><strong>Online Migration<\/strong>, <strong>HA Cluster<\/strong> (<strong>Proxmox VE<\/strong>, PVE), Backup Server (<strong>Proxmox Backup Server<\/strong>), <strong>E-Mail-Security<\/strong> (<strong>Proxmox Mail Gateway<\/strong>) und viele Features mehr, die bei anderen Anbietern teuer bepreist wurden, gaben hier, nebst <strong>fairem Lizenzmodell<\/strong> und <strong>Open Source<\/strong> Grundlage den Ausschlag.<\/p>\r\n<p>Wenn man sieht, dass wir hiermit ebenso <strong>MikroTiks RouterOS (x86)<\/strong> als auch die virtualisiert konzipierte Variante &#8222;<strong>Cloud Hosted Route<\/strong>r&#8220; einfach auf eigenen Ressourcen betreiben k\u00f6nnen, war das f\u00fcr uns die folgerichtige Entscheidung Partner zu werden und den Support an unsere Kunden weiterzugeben. Dies erg\u00e4nzt sich ebenso passend zu unserem <strong>Betrieb eines eigenen<\/strong>, vom <strong>T\u00dcV-S\u00fcd zertifizierten Rechenzentrum<\/strong> und unserem t\u00e4glichen Gesch\u00e4ft als lokalem<strong> ISP<\/strong> in G\u00f6ppingen (<strong>Betrieb von eigenen IPv4 &amp; IPv6 Netzen als offizielles RIPE-Mitglied<\/strong>).<\/p>\r\n<p>&nbsp;<\/p>\r\n<p><strong>Proxmox Virtual Environment (PVE)<\/strong> &#8211; <strong>Proxmox Mail Gateway (PMG) &#8211; Proxmox Backup Server<\/strong> <strong>(PBS)<\/strong><\/p>\r\n<ul>\r\n<li><a href=\"https:\/\/www.mikrotik-store.eu\/de\/proxmox-ve-pve\/support\">Proxmox Support<\/a><\/li>\r\n<li><a href=\"https:\/\/www.mikrotik-store.eu\/de\/proxmox-ve-pve\">Proxmox Subscriptions PVE<\/a><\/li>\r\n<li><a href=\"https:\/\/www.mikrotik-store.eu\/de\/proxmox-ve-pve\/proxmox-backup-server\">Proxmox Subscriptions Backup Sever<\/a><\/li>\r\n<li><a href=\"https:\/\/www.mikrotik-store.eu\/de\/proxmox-ve-pve\/proxmox-mail-gateway\">Proxmox Subscriptions Mail Gateway<\/a><\/li>\r\n<\/ul>\r\n\r\n\r\n\r\n<p>&nbsp;<\/p>\r\n<div id=\"attachment_121\" style=\"width: 781px\" class=\"wp-caption alignnone\"><img loading=\"lazy\" decoding=\"async\" aria-describedby=\"caption-attachment-121\" class=\"wp-image-121\" src=\"https:\/\/www.pmx-store.eu\/wp-content\/uploads\/2021\/12\/proxmox-partner-reseller-fa-i-netpartner-goeppingen-300x162.png\" alt=\"Fa I-Netpartner Partner &amp; Reseller Listing auf der offiziellen Proxmox Seite\" width=\"771\" height=\"417\" srcset=\"https:\/\/www.pmx-store.eu\/wp-content\/uploads\/2021\/12\/proxmox-partner-reseller-fa-i-netpartner-goeppingen-300x162.png 300w, https:\/\/www.pmx-store.eu\/wp-content\/uploads\/2021\/12\/proxmox-partner-reseller-fa-i-netpartner-goeppingen-1024x553.png 1024w, https:\/\/www.pmx-store.eu\/wp-content\/uploads\/2021\/12\/proxmox-partner-reseller-fa-i-netpartner-goeppingen-768x415.png 768w, https:\/\/www.pmx-store.eu\/wp-content\/uploads\/2021\/12\/proxmox-partner-reseller-fa-i-netpartner-goeppingen-624x337.png 624w, https:\/\/www.pmx-store.eu\/wp-content\/uploads\/2021\/12\/proxmox-partner-reseller-fa-i-netpartner-goeppingen.png 1129w\" sizes=\"auto, (max-width: 771px) 100vw, 771px\" \/><p id=\"caption-attachment-121\" class=\"wp-caption-text\">https:\/\/www.proxmox.com\/de\/partner\/reseller\/item\/i-netpartner-gmbh<\/p><\/div>\r\n<hr \/>\r\n<p>E-Mail:<\/p>\r\n<ul>\r\n<li>Vertrieb: <a href=\"mailto:sales@mikrotik-store.eu\">sales@mikrotik-store.eu<\/a><\/li>\r\n<li>Technik: <a href=\"mailto:support@mikrotik-store.eu\">support@mikrotik-store.eu<\/a><\/li>\r\n<\/ul>\r\n<p>Web:<\/p>\r\n<ul>\r\n<li>Webshop: <a href=\"https:\/\/www.MikroTik-Store.eu\">https:\/\/www.MikroTik-Store.eu<\/a><\/li>\r\n<\/ul>\r\n<hr \/>\r\n<p>&nbsp;<\/p>\r\n","protected":false},"excerpt":{"rendered":"<p>Fa. I-Netpartner &#8211; Offizieller Proxmox Partner und Reseller &#8211; Seit 2014 Neben unserer Eigenschaft als Mikrotik Master Distributor (Seit 2008) sind wir nun auch schon seit 2014 Partner der Proxmox Server Solutions GmbH aus Wien. Online Migration, HA Cluster (Proxmox VE, PVE), Backup Server (Proxmox Backup Server), E-Mail-Security (Proxmox Mail Gateway) und viele Features mehr, [&hellip;]<\/p>\n","protected":false},"author":1,"featured_media":0,"parent":0,"menu_order":3,"comment_status":"closed","ping_status":"closed","template":"","meta":{"footnotes":""},"class_list":["post-124","page","type-page","status-publish","hentry"],"_links":{"self":[{"href":"https:\/\/www.pmx-store.eu\/index.php\/wp-json\/wp\/v2\/pages\/124","targetHints":{"allow":["GET"]}}],"collection":[{"href":"https:\/\/www.pmx-store.eu\/index.php\/wp-json\/wp\/v2\/pages"}],"about":[{"href":"https:\/\/www.pmx-store.eu\/index.php\/wp-json\/wp\/v2\/types\/page"}],"author":[{"embeddable":true,"href":"https:\/\/www.pmx-store.eu\/index.php\/wp-json\/wp\/v2\/users\/1"}],"replies":[{"embeddable":true,"href":"https:\/\/www.pmx-store.eu\/index.php\/wp-json\/wp\/v2\/comments?post=124"}],"version-history":[{"count":8,"href":"https:\/\/www.pmx-store.eu\/index.php\/wp-json\/wp\/v2\/pages\/124\/revisions"}],"predecessor-version":[{"id":222,"href":"https:\/\/www.pmx-store.eu\/index.php\/wp-json\/wp\/v2\/pages\/124\/revisions\/222"}],"wp:attachment":[{"href":"https:\/\/www.pmx-store.eu\/index.php\/wp-json\/wp\/v2\/media?parent=124"}],"curies":[{"name":"wp","href":"https:\/\/api.w.org\/{rel}","templated":true}]}}